{"id":474,"date":"2025-08-22T12:30:17","date_gmt":"2025-08-22T12:30:17","guid":{"rendered":"https:\/\/dev.dachmitaussicht.de\/?page_id=474"},"modified":"2025-08-31T11:31:17","modified_gmt":"2025-08-31T11:31:17","slug":"generated-homepage-2","status":"publish","type":"page","link":"https:\/\/dev.dachmitaussicht.de\/","title":{"rendered":"Generated Homepage"},"content":{"rendered":"<h1 style=\"text-align: center;\">Vom Statisten zum gefragten Business Angel. Mit h\u00f6heren Renditen, echtem Einfluss und nachhaltiger Wirkung.<\/h1>\n<p style=\"text-align: center;\">Fundiertes Wissen, klare Strategien und praxisnahe Einblicke \u2013 kompakt in 50 Videolektionen optimiert f\u00fcr den DACH-Raum.<\/p>\n<h2 style=\"text-align: center;\"><strong>Was habe ich davon,&nbsp;<\/strong><strong>Business Angel zu sein?<\/strong><\/h2>\n<p style=\"\"><strong><\/strong><\/p>\n<h5 style=\"color: rgb(13, 3, 39) !important; --tcb-applied-color: rgb(13, 3, 39) !important;\">Du bekommst Zugang zu Renditechancen, die sonst niemand hat.<\/h5>\n<p style=\"\">In fr\u00fchen Startup-Phasen sind Bewertungen niedrig, das Potenzial aber riesig. Wer fr\u00fch investiert, kann mit vergleichsweise kleinem Kapitaleinsatz \u00fcberdurchschnittliche Renditen erzielen \u2013 deutlich h\u00f6her als bei traditionellen Anlagen. Viele der erfolgreichsten Unternehmen unserer Zeit wurden durch Angels mitfinanziert \u2013 und genau dort begann der Verm\u00f6genssprung ihrer Investoren.<\/p>\n<h5 style=\"color: rgb(13, 3, 39) !important; --tcb-applied-color: rgb(13, 3, 39) !important;\">Du wirst Teil eines exklusiven Netzwerks, um das man dich beneiden wird.<\/h5>\n<p style=\"\">Business Angels begegnen anderen Entscheidern, Investoren und Gr\u00fcndern auf Augenh\u00f6he. Du investierst nicht nur Kapital, sondern auch Erfahrung, Kontakte und strategischen Rat. Du bekommst Einblicke in neue Technologien, M\u00e4rkte und Gesch\u00e4ftsmodelle, bevor sie Mainstream werden \u2013 und baust dir damit einen echten Wissensvorsprung auf.<\/p>\n<h5 style=\"color: rgb(13, 3, 39) !important; --tcb-applied-color: rgb(13, 3, 39) !important;\">Du diversifizierst dein Portfolio mit Sinn und optimierst deine Rendite.<\/h5>\n<p style=\"\">Angel Investing erg\u00e4nzt klassische Investments und bringt Dynamik in dein Verm\u00f6gensaufbau-Modell. Und das Beste: Es verbindet unternehmerisches Denken mit gesellschaftlicher Wirkung. Du investierst nicht in Beton oder ETFs \u2013 du investierst in Menschen, Innovationen, Fortschritt.<\/p>\n<h5 style=\"color: rgb(13, 3, 39) !important; --tcb-applied-color: rgb(13, 3, 39) !important;\">Du gestaltest Zukunft \u2013 aber vor allem<\/h5>\n<h5 style=\"color: rgb(13, 3, 39) !important; --tcb-applied-color: rgb(13, 3, 39) !important;\">deine eigene.<\/h5>\n<p style=\"\">Angel Investing ist nicht nur ein \u00f6konomischer Hebel, sondern ein pers\u00f6nlicher. Du entwickelst dich weiter, bleibst intellektuell gefordert, bist nahe am Puls der Innovation. Viele Angels empfinden genau das als das gr\u00f6\u00dfte Geschenk: ein Investment, das inspiriert, motiviert und zur\u00fcckgibt.<\/p>\n<h2 style=\"text-align: center;\">Was ist die Masterclass?<\/h2>\n<p><span><img decoding=\"async\" alt=\"\" data-id=\"3851\" width=\"500\" height=\"500\" title=\"arrow_hero\" src=\"\/\/dev.dachmitaussicht.de\/wp-content\/uploads\/tcb_content_templates\/images\/arrow_hero-1.png\" style=\"\" loading=\"lazy\"><\/span><\/p>\n<h2 style=\"text-align: center;\"><span><span><\/span>Diese Inhalte erwarten dich in der Masterclass.<\/span><\/h2>\n<h2 style=\"text-align: center;\"><span style=\"\"><span style=\"\">Was Business Angels \u00fcber die Masterclass sagen!<\/span><\/span><\/h2>\n<p><span><img decoding=\"async\" alt=\"\" data-id=\"74593\" width=\"60\" data-init-width=\"82\" data-init-height=\"57\" title=\"Quotes-rounded_03\" src=\"\/\/dev.dachmitaussicht.de\/wp-content\/uploads\/tcb_content_templates\/display_testimonials\/images\/Quotes-rounded_03.jpg\" data-width=\"60\" style=\"aspect-ratio: auto 82 \/ 57;\" height=\"57\" loading=\"lazy\"><\/span><span data-extra_key=\"\" data-option-inline=\"1\" data-shortcode=\"tvo_testimonial_content\" style=\"\"><\/p>\n<p>Ich wollte in Startups investieren \u2013 aber nicht ins Blaue hinein. Keine Lust auf Hype, kein Interesse an Tech-Jargon. Ich wollte verstehen, was ich da tue. Diese Videoserie hat mir genau das erm\u00f6glicht: fundiertes Wissen, verst\u00e4ndlich aufbereitet. Ich f\u00fchle mich sicher in meinen Entscheidungen \u2013 und investiere heute bewusster denn je. Ich h\u00e4tte nie gedacht, dass mich 90 kurze Videos so weiterbringen.<\/p>\n<p><\/span><\/p>\n<h3 style=\"\"><span data-extra_key=\"\" data-option-inline=\"1\" data-shortcode=\"tvo_testimonial_author\" style=\"\">Klaus M.<\/span><\/h3>\n<p><span data-extra_key=\"\" data-option-inline=\"1\" data-shortcode=\"tvo_testimonial_role\" style=\"\">Verm\u00f6gensverwalter, Z\u00fcrich<\/span><span><img decoding=\"async\" alt=\"\" data-id=\"74593\" width=\"60\" data-init-width=\"82\" data-init-height=\"57\" title=\"Quotes-rounded_03\" src=\"\/\/dev.dachmitaussicht.de\/wp-content\/uploads\/tcb_content_templates\/display_testimonials\/images\/Quotes-rounded_03.jpg\" data-width=\"60\" style=\"aspect-ratio: auto 82 \/ 57;\" height=\"57\" loading=\"lazy\"><\/span><span data-extra_key=\"\" data-option-inline=\"1\" data-shortcode=\"tvo_testimonial_content\" style=\"\"><\/p>\n<p>Ich komme aus der Konzernwelt \u2013 gro\u00dfe Projekte, klare Prozesse. Doch beim Thema Angel Investing war ich pl\u00f6tzlich wieder Anf\u00e4nger: Keine Strukturen, viele Fragezeichen. Diese Videoserie hat mir genau den Einstieg gegeben, den ich gebraucht habe \u2013 verst\u00e4ndlich, pr\u00e4zise, auf Augenh\u00f6he. Jetzt investiere ich mit System. Und ich frage mich, warum ich das nicht schon fr\u00fcher gemacht habe.<\/p>\n<p><\/span><\/p>\n<h3 style=\"\"><span data-extra_key=\"\" data-option-inline=\"1\" data-shortcode=\"tvo_testimonial_author\" style=\"\">Dr. Tobias H.<\/span><\/h3>\n<p><span data-extra_key=\"\" data-option-inline=\"1\" data-shortcode=\"tvo_testimonial_role\" style=\"\">Ex-Manager, Frankfurt am Main<\/span><span><img decoding=\"async\" alt=\"\" data-id=\"74593\" width=\"60\" data-init-width=\"82\" data-init-height=\"57\" title=\"Quotes-rounded_03\" src=\"\/\/dev.dachmitaussicht.de\/wp-content\/uploads\/tcb_content_templates\/display_testimonials\/images\/Quotes-rounded_03.jpg\" data-width=\"60\" style=\"aspect-ratio: auto 82 \/ 57;\" height=\"57\" loading=\"lazy\"><\/span><span data-extra_key=\"\" data-option-inline=\"1\" data-shortcode=\"tvo_testimonial_content\" style=\"\"><\/p>\n<p>Ich war voll im eigenen Unternehmen eingespannt \u2013 Zeit war Mangelware. Trotzdem wollte ich mein Geld nicht einfach nur parken, sondern Gr\u00fcnder unterst\u00fctzen. Die Videoserie hat mir genau das gegeben, was ich gebraucht habe: eine fundierte, kompakte Anleitung, wie Angel Investing auch neben dem Tagesgesch\u00e4ft funktioniert. Heute bin ich nicht nur Investor, sondern auch Sparringspartner. Und das f\u00fchlt sich richtig an.<\/p>\n<p><\/span><\/p>\n<h3 style=\"\"><span data-extra_key=\"\" data-option-inline=\"1\" data-shortcode=\"tvo_testimonial_author\" style=\"\">Sophie L.<\/span><\/h3>\n<p><span data-extra_key=\"\" data-option-inline=\"1\" data-shortcode=\"tvo_testimonial_role\" style=\"\">Tech-Unternehmerin aus Berlin<\/span><\/p>\n<h2 style=\"text-align: center;\"><span style=\"\"><span style=\"\">\u00dcber den Autor der Masterclass.<\/span><\/span><\/h2>\n<h3 style=\"\"><span style=\"\">Hallo, ich bin Egon Friebus.<\/span><\/h3>\n<p style=\"\">Lorem ipsum dolor sit amet, consectetur adipiscing elit, sed do eiusmod tempor incididunt ut labore et dolore magna aliqua. Ut enim ad minim veniam, quis nostrud exercitation ullamco laboris nisi ut aliquip ex ea commodo consequat. Duis aute irure dolor in reprehenderit in voluptate velit esse cillum dolore eu fugiat nulla&nbsp;<\/p>\n<p style=\"\">Lorem ipsum dolor sit amet, consectetur adipiscing elit, sed do eiusmod tempor incididunt ut labore et dolore magna aliqua. Ut enim ad minim veniam, quis nostrud exercitation ullamco laboris nisi ut aliquip ex ea commodo consequat. Duis aute irure dolor in reprehenderit in voluptate velit esse cillum dolore eu fugiat nulla&nbsp;<\/p>\n<p style=\"\">Lorem ipsum dolor sit amet, consectetur adipiscing elit, sed do eiusmod tempor incididunt ut labore et dolore magna aliqua. Ut enim ad minim veniam, quis nostrud exercitation ullamco laboris nisi ut aliquip ex ea commodo consequat. Duis aute irure dolor in reprehenderit in voluptate velit esse cillum dolore eu fugiat nulla&nbsp;<\/p>\n<p><span style=\"\"><img decoding=\"async\" alt=\"\" data-id=\"956\" title=\"shapeshift_homepage_author_image2\" src=\"\/\/dev.dachmitaussicht.de\/wp-content\/uploads\/tcb_content_templates\/images\/shapeshift_homepage_author_image2.jpg\" style=\"aspect-ratio: auto 758 \/ 527;\" ml-d=\"-60\" center-h-d=\"false\" ml-t=\"-31\" center-h-t=\"false\" width=\"479\" height=\"333\" data-width=\"479\" data-height=\"333\" data-init-width=\"758\" data-init-height=\"527\" loading=\"lazy\"><\/span><\/p>\n<h1 style=\"\">Es ist deine Entscheidung!<\/h1>\n","protected":false},"excerpt":{"rendered":"<p>Vom Statisten zum gefragten Business Angel. Mit h\u00f6heren Renditen, echtem Einfluss und nachhaltiger Wirkung. Fundiertes Wissen, klare Strategien und praxisnahe Einblicke \u2013 kompakt in 50 Videolektionen optimiert f\u00fcr den DACH-Raum. Was habe ich davon,&nbsp;Business Angel zu sein? Du bekommst Zugang zu Renditechancen, die sonst niemand hat. In fr\u00fchen Startup-Phasen sind Bewertungen niedrig, das Potenzial aber [&hellip;]<\/p>\n","protected":false},"author":2,"featured_media":0,"parent":0,"menu_order":0,"comment_status":"closed","ping_status":"closed","template":"","meta":{"footnotes":"","tve_updated_post":"","tve_custom_css":"","tve_user_custom_css":"","tve_globals":{},"tcb2_ready":1,"tcb_editor_enabled":1,"tve_landing_page":"3a8f7c03b84cd3e81d224f4130a0725c","_tve_header":"0","_tve_footer":"243"},"class_list":["post-474","page","type-page","status-publish","hentry","post-wrapper","thrv_wrapper"],"_links":{"self":[{"href":"https:\/\/dev.dachmitaussicht.de\/index.php?rest_route=\/wp\/v2\/pages\/474","targetHints":{"allow":["GET"]}}],"collection":[{"href":"https:\/\/dev.dachmitaussicht.de\/index.php?rest_route=\/wp\/v2\/pages"}],"about":[{"href":"https:\/\/dev.dachmitaussicht.de\/index.php?rest_route=\/wp\/v2\/types\/page"}],"author":[{"embeddable":true,"href":"https:\/\/dev.dachmitaussicht.de\/index.php?rest_route=\/wp\/v2\/users\/2"}],"replies":[{"embeddable":true,"href":"https:\/\/dev.dachmitaussicht.de\/index.php?rest_route=%2Fwp%2Fv2%2Fcomments&post=474"}],"version-history":[{"count":11,"href":"https:\/\/dev.dachmitaussicht.de\/index.php?rest_route=\/wp\/v2\/pages\/474\/revisions"}],"predecessor-version":[{"id":603,"href":"https:\/\/dev.dachmitaussicht.de\/index.php?rest_route=\/wp\/v2\/pages\/474\/revisions\/603"}],"wp:attachment":[{"href":"https:\/\/dev.dachmitaussicht.de\/index.php?rest_route=%2Fwp%2Fv2%2Fmedia&parent=474"}],"curies":[{"name":"wp","href":"https:\/\/api.w.org\/{rel}","templated":true}]}}